{"id":13624,"date":"2023-05-15T08:13:13","date_gmt":"2023-05-15T08:13:13","guid":{"rendered":"https:\/\/store.rektor.no\/?product=classic-oc-t-junior-029362"},"modified":"2023-06-02T13:28:00","modified_gmt":"2023-06-02T13:28:00","slug":"classic-oc-t-junior-029362","status":"publish","type":"product","link":"https:\/\/store.rektor.no\/?product=classic-oc-t-junior-029362","title":{"rendered":"Classic OC-T Junior &#8211; 029362"},"content":{"rendered":"<p>Artikelnummer:029362<\/p>\n","protected":false},"excerpt":{"rendered":"<p>En modernisert t-shirt til junior laget av 100 % \u00f8kologisk bomull. T-skjorten har sides\u00f8mmer, dobbel 1&#215;1 ribb i kragen, samt forsterkede skulders\u00f8mmer og nakkeb\u00e5nd. Classic OC T-shirt Junior er forkrympet og enzymbehandlet.<\/p>\n","protected":false},"featured_media":13625,"template":"","meta":[],"product_cat":[106,311,278],"product_tag":[],"_links":{"self":[{"href":"https:\/\/store.rektor.no\/index.php?rest_route=\/wp\/v2\/product\/13624"}],"collection":[{"href":"https:\/\/store.rektor.no\/index.php?rest_route=\/wp\/v2\/product"}],"about":[{"href":"https:\/\/store.rektor.no\/index.php?rest_route=\/wp\/v2\/types\/product"}],"wp:featuredmedia":[{"embeddable":true,"href":"https:\/\/store.rektor.no\/index.php?rest_route=\/wp\/v2\/media\/13625"}],"wp:attachment":[{"href":"https:\/\/store.rektor.no\/index.php?rest_route=%2Fwp%2Fv2%2Fmedia&parent=13624"}],"wp:term":[{"taxonomy":"product_cat","embeddable":true,"href":"https:\/\/store.rektor.no\/index.php?rest_route=%2Fwp%2Fv2%2Fproduct_cat&post=13624"},{"taxonomy":"product_tag","embeddable":true,"href":"https:\/\/store.rektor.no\/index.php?rest_route=%2Fwp%2Fv2%2Fproduct_tag&post=13624"}],"curies":[{"name":"wp","href":"https:\/\/api.w.org\/{rel}","templated":true}]}}