{"id":13164,"date":"2023-05-15T08:11:12","date_gmt":"2023-05-15T08:11:12","guid":{"rendered":"https:\/\/store.rektor.no\/?product=premium-fashion-t-ls-lady-029359"},"modified":"2023-06-02T13:26:58","modified_gmt":"2023-06-02T13:26:58","slug":"premium-fashion-t-ls-lady-029359","status":"publish","type":"product","link":"https:\/\/store.rektor.no\/?product=premium-fashion-t-ls-lady-029359","title":{"rendered":"Premium Fashion-T LS Lady &#8211; 029359"},"content":{"rendered":"<p>Artikelnummer:029359<\/p>\n","protected":false},"excerpt":{"rendered":"<p>En moderne langermet T-skjorte laget av 100 % ringspunnet bomull. Kragen er laget av et dobbelt skallmateriale med sides\u00f8mmer og forsterket nakkeb\u00e5nd. Avtagbar etikett i nakken. Plagget er forh\u00e5ndskrympet og enzymbehandlet.<\/p>\n","protected":false},"featured_media":13165,"template":"","meta":[],"product_cat":[106,318,311,278],"product_tag":[],"_links":{"self":[{"href":"https:\/\/store.rektor.no\/index.php?rest_route=\/wp\/v2\/product\/13164"}],"collection":[{"href":"https:\/\/store.rektor.no\/index.php?rest_route=\/wp\/v2\/product"}],"about":[{"href":"https:\/\/store.rektor.no\/index.php?rest_route=\/wp\/v2\/types\/product"}],"wp:featuredmedia":[{"embeddable":true,"href":"https:\/\/store.rektor.no\/index.php?rest_route=\/wp\/v2\/media\/13165"}],"wp:attachment":[{"href":"https:\/\/store.rektor.no\/index.php?rest_route=%2Fwp%2Fv2%2Fmedia&parent=13164"}],"wp:term":[{"taxonomy":"product_cat","embeddable":true,"href":"https:\/\/store.rektor.no\/index.php?rest_route=%2Fwp%2Fv2%2Fproduct_cat&post=13164"},{"taxonomy":"product_tag","embeddable":true,"href":"https:\/\/store.rektor.no\/index.php?rest_route=%2Fwp%2Fv2%2Fproduct_tag&post=13164"}],"curies":[{"name":"wp","href":"https:\/\/api.w.org\/{rel}","templated":true}]}}