{"id":13058,"date":"2023-05-15T08:10:40","date_gmt":"2023-05-15T08:10:40","guid":{"rendered":"https:\/\/store.rektor.no\/?product=slub-tanktop-lady-029351"},"modified":"2023-06-02T13:26:41","modified_gmt":"2023-06-02T13:26:41","slug":"slub-tanktop-lady-029351","status":"publish","type":"product","link":"https:\/\/store.rektor.no\/?product=slub-tanktop-lady-029351","title":{"rendered":"Slub Tanktop Lady &#8211; 029351"},"content":{"rendered":"<p>Artikelnummer:029351<\/p>\n","protected":false},"excerpt":{"rendered":"<p>Moderne tanktop i 100 % Slub ringspunnet jerseybomull. Laget med sides\u00f8mmer og en liten \u00e5pning i nakken. Avtagbar etikett i nakken. Plagget er forh\u00e5ndskrympet og enzymbehandlet.<\/p>\n","protected":false},"featured_media":13059,"template":"","meta":[],"product_cat":[106,311,278],"product_tag":[],"_links":{"self":[{"href":"https:\/\/store.rektor.no\/index.php?rest_route=\/wp\/v2\/product\/13058"}],"collection":[{"href":"https:\/\/store.rektor.no\/index.php?rest_route=\/wp\/v2\/product"}],"about":[{"href":"https:\/\/store.rektor.no\/index.php?rest_route=\/wp\/v2\/types\/product"}],"wp:featuredmedia":[{"embeddable":true,"href":"https:\/\/store.rektor.no\/index.php?rest_route=\/wp\/v2\/media\/13059"}],"wp:attachment":[{"href":"https:\/\/store.rektor.no\/index.php?rest_route=%2Fwp%2Fv2%2Fmedia&parent=13058"}],"wp:term":[{"taxonomy":"product_cat","embeddable":true,"href":"https:\/\/store.rektor.no\/index.php?rest_route=%2Fwp%2Fv2%2Fproduct_cat&post=13058"},{"taxonomy":"product_tag","embeddable":true,"href":"https:\/\/store.rektor.no\/index.php?rest_route=%2Fwp%2Fv2%2Fproduct_tag&post=13058"}],"curies":[{"name":"wp","href":"https:\/\/api.w.org\/{rel}","templated":true}]}}