{"id":13030,"date":"2023-05-15T08:10:33","date_gmt":"2023-05-15T08:10:33","guid":{"rendered":"https:\/\/store.rektor.no\/?product=premium-fashion-t-ladies-029349"},"modified":"2023-06-02T13:26:39","modified_gmt":"2023-06-02T13:26:39","slug":"premium-fashion-t-ladies-029349","status":"publish","type":"product","link":"https:\/\/store.rektor.no\/?product=premium-fashion-t-ladies-029349","title":{"rendered":"Premium Fashion-T Ladies &#8211; 029349"},"content":{"rendered":"<p>Artikelnummer:029349<\/p>\n","protected":false},"excerpt":{"rendered":"<p>En moderne premium t-shirt laget av 100 % ringspunnet bomull. Dobbelt nakkeb\u00e5nd med sides\u00f8mmer, forsterket nakkeb\u00e5nd og avtagbar etikett i nakken. Plagget er forkrympet og enzymbehandlet.<\/p>\n","protected":false},"featured_media":13031,"template":"","meta":[],"product_cat":[106,311,278],"product_tag":[],"_links":{"self":[{"href":"https:\/\/store.rektor.no\/index.php?rest_route=\/wp\/v2\/product\/13030"}],"collection":[{"href":"https:\/\/store.rektor.no\/index.php?rest_route=\/wp\/v2\/product"}],"about":[{"href":"https:\/\/store.rektor.no\/index.php?rest_route=\/wp\/v2\/types\/product"}],"wp:featuredmedia":[{"embeddable":true,"href":"https:\/\/store.rektor.no\/index.php?rest_route=\/wp\/v2\/media\/13031"}],"wp:attachment":[{"href":"https:\/\/store.rektor.no\/index.php?rest_route=%2Fwp%2Fv2%2Fmedia&parent=13030"}],"wp:term":[{"taxonomy":"product_cat","embeddable":true,"href":"https:\/\/store.rektor.no\/index.php?rest_route=%2Fwp%2Fv2%2Fproduct_cat&post=13030"},{"taxonomy":"product_tag","embeddable":true,"href":"https:\/\/store.rektor.no\/index.php?rest_route=%2Fwp%2Fv2%2Fproduct_tag&post=13030"}],"curies":[{"name":"wp","href":"https:\/\/api.w.org\/{rel}","templated":true}]}}