{"id":12983,"date":"2023-05-15T08:10:20","date_gmt":"2023-05-15T08:10:20","guid":{"rendered":"https:\/\/store.rektor.no\/?product=neon-t-ladies-029346"},"modified":"2023-06-02T13:26:30","modified_gmt":"2023-06-02T13:26:30","slug":"neon-t-ladies-029346","status":"publish","type":"product","link":"https:\/\/store.rektor.no\/?product=neon-t-ladies-029346","title":{"rendered":"Neon-T Ladies &#8211; 029346"},"content":{"rendered":"<p>Artikelnummer:029346<\/p>\n","protected":false},"excerpt":{"rendered":"<p>Moderne polyester t-shirt med bomullsf\u00f8lelse. Denne t-skjorten er laget med sides\u00f8mmer, dobbel rib i nakke og forsterket nakkeb\u00e5nd.<\/p>\n","protected":false},"featured_media":12984,"template":"","meta":[],"product_cat":[106,311,278],"product_tag":[],"_links":{"self":[{"href":"https:\/\/store.rektor.no\/index.php?rest_route=\/wp\/v2\/product\/12983"}],"collection":[{"href":"https:\/\/store.rektor.no\/index.php?rest_route=\/wp\/v2\/product"}],"about":[{"href":"https:\/\/store.rektor.no\/index.php?rest_route=\/wp\/v2\/types\/product"}],"wp:featuredmedia":[{"embeddable":true,"href":"https:\/\/store.rektor.no\/index.php?rest_route=\/wp\/v2\/media\/12984"}],"wp:attachment":[{"href":"https:\/\/store.rektor.no\/index.php?rest_route=%2Fwp%2Fv2%2Fmedia&parent=12983"}],"wp:term":[{"taxonomy":"product_cat","embeddable":true,"href":"https:\/\/store.rektor.no\/index.php?rest_route=%2Fwp%2Fv2%2Fproduct_cat&post=12983"},{"taxonomy":"product_tag","embeddable":true,"href":"https:\/\/store.rektor.no\/index.php?rest_route=%2Fwp%2Fv2%2Fproduct_tag&post=12983"}],"curies":[{"name":"wp","href":"https:\/\/api.w.org\/{rel}","templated":true}]}}