{"id":12930,"date":"2023-05-15T08:10:08","date_gmt":"2023-05-15T08:10:08","guid":{"rendered":"https:\/\/store.rektor.no\/?product=neon-t-029345"},"modified":"2023-06-02T13:26:29","modified_gmt":"2023-06-02T13:26:29","slug":"neon-t-029345","status":"publish","type":"product","link":"https:\/\/store.rektor.no\/?product=neon-t-029345","title":{"rendered":"Neon-T &#8211; 029345"},"content":{"rendered":"<p>Artikelnummer:029345<\/p>\n","protected":false},"excerpt":{"rendered":"<p>Moderne polyester t-shirt med bomullsf\u00f8lelse. Denne t-skjorten er laget med sides\u00f8mmer, dobbel ribb i nakke og forsterket nakkeb\u00e5nd.<\/p>\n","protected":false},"featured_media":12931,"template":"","meta":[],"product_cat":[106,311,278],"product_tag":[],"_links":{"self":[{"href":"https:\/\/store.rektor.no\/index.php?rest_route=\/wp\/v2\/product\/12930"}],"collection":[{"href":"https:\/\/store.rektor.no\/index.php?rest_route=\/wp\/v2\/product"}],"about":[{"href":"https:\/\/store.rektor.no\/index.php?rest_route=\/wp\/v2\/types\/product"}],"wp:featuredmedia":[{"embeddable":true,"href":"https:\/\/store.rektor.no\/index.php?rest_route=\/wp\/v2\/media\/12931"}],"wp:attachment":[{"href":"https:\/\/store.rektor.no\/index.php?rest_route=%2Fwp%2Fv2%2Fmedia&parent=12930"}],"wp:term":[{"taxonomy":"product_cat","embeddable":true,"href":"https:\/\/store.rektor.no\/index.php?rest_route=%2Fwp%2Fv2%2Fproduct_cat&post=12930"},{"taxonomy":"product_tag","embeddable":true,"href":"https:\/\/store.rektor.no\/index.php?rest_route=%2Fwp%2Fv2%2Fproduct_tag&post=12930"}],"curies":[{"name":"wp","href":"https:\/\/api.w.org\/{rel}","templated":true}]}}