{"id":12618,"date":"2023-05-15T08:08:41","date_gmt":"2023-05-15T08:08:41","guid":{"rendered":"https:\/\/store.rektor.no\/?product=ice-sport-t-029336"},"modified":"2023-06-02T13:25:44","modified_gmt":"2023-06-02T13:25:44","slug":"ice-sport-t-029336","status":"publish","type":"product","link":"https:\/\/store.rektor.no\/?product=ice-sport-t-029336","title":{"rendered":"Ice Sport-T &#8211; 029336"},"content":{"rendered":"<p>Artikelnummer:029336<\/p>\n","protected":false},"excerpt":{"rendered":"<p>Unisex T-shirt i polyester, lett avrundet i nederkant, b\u00e5nd i nakkes\u00f8m, ingen sides\u00f8mmer. Kontrast piping p\u00e5 sidene og overlock s\u00f8mmer i kontrastfarge p\u00e5 skuldrene.<\/p>\n","protected":false},"featured_media":12619,"template":"","meta":[],"product_cat":[106,311,278],"product_tag":[],"_links":{"self":[{"href":"https:\/\/store.rektor.no\/index.php?rest_route=\/wp\/v2\/product\/12618"}],"collection":[{"href":"https:\/\/store.rektor.no\/index.php?rest_route=\/wp\/v2\/product"}],"about":[{"href":"https:\/\/store.rektor.no\/index.php?rest_route=\/wp\/v2\/types\/product"}],"wp:featuredmedia":[{"embeddable":true,"href":"https:\/\/store.rektor.no\/index.php?rest_route=\/wp\/v2\/media\/12619"}],"wp:attachment":[{"href":"https:\/\/store.rektor.no\/index.php?rest_route=%2Fwp%2Fv2%2Fmedia&parent=12618"}],"wp:term":[{"taxonomy":"product_cat","embeddable":true,"href":"https:\/\/store.rektor.no\/index.php?rest_route=%2Fwp%2Fv2%2Fproduct_cat&post=12618"},{"taxonomy":"product_tag","embeddable":true,"href":"https:\/\/store.rektor.no\/index.php?rest_route=%2Fwp%2Fv2%2Fproduct_tag&post=12618"}],"curies":[{"name":"wp","href":"https:\/\/api.w.org\/{rel}","templated":true}]}}