{"id":12510,"date":"2023-05-15T08:08:16","date_gmt":"2023-05-15T08:08:16","guid":{"rendered":"https:\/\/store.rektor.no\/?product=ice-t-kids-029332"},"modified":"2023-06-02T13:25:27","modified_gmt":"2023-06-02T13:25:27","slug":"ice-t-kids-029332","status":"publish","type":"product","link":"https:\/\/store.rektor.no\/?product=ice-t-kids-029332","title":{"rendered":"Ice-T Kids &#8211; 029332"},"content":{"rendered":"<p>Artikelnummer:029332<\/p>\n","protected":false},"excerpt":{"rendered":"<p>Funksjons T-shirt med sides\u00f8mmer til junior. Avvikende materiale p\u00e5 skulderpartiene. Gode fukttransporterende egenskaper som gj\u00f8r den sval og behagelig \u00e5 ha p\u00e5 seg.<\/p>\n","protected":false},"featured_media":12511,"template":"","meta":[],"product_cat":[106,311,278],"product_tag":[],"_links":{"self":[{"href":"https:\/\/store.rektor.no\/index.php?rest_route=\/wp\/v2\/product\/12510"}],"collection":[{"href":"https:\/\/store.rektor.no\/index.php?rest_route=\/wp\/v2\/product"}],"about":[{"href":"https:\/\/store.rektor.no\/index.php?rest_route=\/wp\/v2\/types\/product"}],"wp:featuredmedia":[{"embeddable":true,"href":"https:\/\/store.rektor.no\/index.php?rest_route=\/wp\/v2\/media\/12511"}],"wp:attachment":[{"href":"https:\/\/store.rektor.no\/index.php?rest_route=%2Fwp%2Fv2%2Fmedia&parent=12510"}],"wp:term":[{"taxonomy":"product_cat","embeddable":true,"href":"https:\/\/store.rektor.no\/index.php?rest_route=%2Fwp%2Fv2%2Fproduct_cat&post=12510"},{"taxonomy":"product_tag","embeddable":true,"href":"https:\/\/store.rektor.no\/index.php?rest_route=%2Fwp%2Fv2%2Fproduct_tag&post=12510"}],"curies":[{"name":"wp","href":"https:\/\/api.w.org\/{rel}","templated":true}]}}