{"id":1200,"date":"2023-05-12T13:05:08","date_gmt":"2023-05-12T13:05:08","guid":{"rendered":"https:\/\/store.rektor.no\/?product=idaho-vest-lady-0200975"},"modified":"2023-06-02T13:05:00","modified_gmt":"2023-06-02T13:05:00","slug":"idaho-vest-lady-0200975","status":"publish","type":"product","link":"https:\/\/store.rektor.no\/?product=idaho-vest-lady-0200975","title":{"rendered":"Idaho Vest Lady &#8211; 0200975"},"content":{"rendered":"<p>Artikelnummer:0200975<\/p>\n","protected":false},"excerpt":{"rendered":"<p>En varm, men likevel lett vest med dunlignende vattering. Laget av 100 % resirkulert polyamid.Tre utvendige lommer med glidel\u00e5s, og to innerlommer. Elastisk teip i nederkant og ved erm\u00e5pningene. Damevesten kommer med avtagbar hette. Leveres med farget stropp (til oppheng), \u00f8retelefonl\u00f8sning og glidel\u00e5strekkere.<\/p>\n","protected":false},"featured_media":1201,"template":"","meta":[],"product_cat":[106,107,110],"product_tag":[],"_links":{"self":[{"href":"https:\/\/store.rektor.no\/index.php?rest_route=\/wp\/v2\/product\/1200"}],"collection":[{"href":"https:\/\/store.rektor.no\/index.php?rest_route=\/wp\/v2\/product"}],"about":[{"href":"https:\/\/store.rektor.no\/index.php?rest_route=\/wp\/v2\/types\/product"}],"wp:featuredmedia":[{"embeddable":true,"href":"https:\/\/store.rektor.no\/index.php?rest_route=\/wp\/v2\/media\/1201"}],"wp:attachment":[{"href":"https:\/\/store.rektor.no\/index.php?rest_route=%2Fwp%2Fv2%2Fmedia&parent=1200"}],"wp:term":[{"taxonomy":"product_cat","embeddable":true,"href":"https:\/\/store.rektor.no\/index.php?rest_route=%2Fwp%2Fv2%2Fproduct_cat&post=1200"},{"taxonomy":"product_tag","embeddable":true,"href":"https:\/\/store.rektor.no\/index.php?rest_route=%2Fwp%2Fv2%2Fproduct_tag&post=1200"}],"curies":[{"name":"wp","href":"https:\/\/api.w.org\/{rel}","templated":true}]}}