{"id":11934,"date":"2023-05-15T08:05:45","date_gmt":"2023-05-15T08:05:45","guid":{"rendered":"https:\/\/store.rektor.no\/?product=basic-t-v-neck-029035"},"modified":"2023-06-02T13:24:10","modified_gmt":"2023-06-02T13:24:10","slug":"basic-t-v-neck-029035","status":"publish","type":"product","link":"https:\/\/store.rektor.no\/?product=basic-t-v-neck-029035","title":{"rendered":"Basic-T V-neck &#8211; 029035"},"content":{"rendered":"<p>Artikelnummer:029035<\/p>\n","protected":false},"excerpt":{"rendered":"<p>V\u00e5r bestselger, n\u00e5 ogs\u00e5 tilgjengelig i V-neck! T-shirt i en smalere passform. B\u00e5nd i nakke og elastan i halsribb. Rundstrikket unisexmodell.<\/p>\n","protected":false},"featured_media":11935,"template":"","meta":[],"product_cat":[106,311,278],"product_tag":[],"_links":{"self":[{"href":"https:\/\/store.rektor.no\/index.php?rest_route=\/wp\/v2\/product\/11934"}],"collection":[{"href":"https:\/\/store.rektor.no\/index.php?rest_route=\/wp\/v2\/product"}],"about":[{"href":"https:\/\/store.rektor.no\/index.php?rest_route=\/wp\/v2\/types\/product"}],"wp:featuredmedia":[{"embeddable":true,"href":"https:\/\/store.rektor.no\/index.php?rest_route=\/wp\/v2\/media\/11935"}],"wp:attachment":[{"href":"https:\/\/store.rektor.no\/index.php?rest_route=%2Fwp%2Fv2%2Fmedia&parent=11934"}],"wp:term":[{"taxonomy":"product_cat","embeddable":true,"href":"https:\/\/store.rektor.no\/index.php?rest_route=%2Fwp%2Fv2%2Fproduct_cat&post=11934"},{"taxonomy":"product_tag","embeddable":true,"href":"https:\/\/store.rektor.no\/index.php?rest_route=%2Fwp%2Fv2%2Fproduct_tag&post=11934"}],"curies":[{"name":"wp","href":"https:\/\/api.w.org\/{rel}","templated":true}]}}