{"id":1167,"date":"2023-05-12T13:04:58","date_gmt":"2023-05-12T13:04:58","guid":{"rendered":"https:\/\/store.rektor.no\/?product=willmar-lady-0200965"},"modified":"2023-06-02T13:04:54","modified_gmt":"2023-06-02T13:04:54","slug":"willmar-lady-0200965","status":"publish","type":"product","link":"https:\/\/store.rektor.no\/?product=willmar-lady-0200965","title":{"rendered":"Willmar Lady &#8211; 0200965"},"content":{"rendered":"<p>Artikelnummer:0200965<\/p>\n","protected":false},"excerpt":{"rendered":"<p>Reflekterende vindjakke med hette. Bird Eye-f\u00f4r i hetten og armhulene gir \u00f8kt komfort og pusteevne. Tre utvendige lommer med glidel\u00e5s og to innerlommer. Kontrastfarget teip rundt hette, nederkant og ermeavslutning.<\/p>\n","protected":false},"featured_media":1168,"template":"","meta":[],"product_cat":[106,107,114],"product_tag":[],"_links":{"self":[{"href":"https:\/\/store.rektor.no\/index.php?rest_route=\/wp\/v2\/product\/1167"}],"collection":[{"href":"https:\/\/store.rektor.no\/index.php?rest_route=\/wp\/v2\/product"}],"about":[{"href":"https:\/\/store.rektor.no\/index.php?rest_route=\/wp\/v2\/types\/product"}],"wp:featuredmedia":[{"embeddable":true,"href":"https:\/\/store.rektor.no\/index.php?rest_route=\/wp\/v2\/media\/1168"}],"wp:attachment":[{"href":"https:\/\/store.rektor.no\/index.php?rest_route=%2Fwp%2Fv2%2Fmedia&parent=1167"}],"wp:term":[{"taxonomy":"product_cat","embeddable":true,"href":"https:\/\/store.rektor.no\/index.php?rest_route=%2Fwp%2Fv2%2Fproduct_cat&post=1167"},{"taxonomy":"product_tag","embeddable":true,"href":"https:\/\/store.rektor.no\/index.php?rest_route=%2Fwp%2Fv2%2Fproduct_tag&post=1167"}],"curies":[{"name":"wp","href":"https:\/\/api.w.org\/{rel}","templated":true}]}}