{"id":11592,"date":"2023-05-15T08:04:12","date_gmt":"2023-05-15T08:04:12","guid":{"rendered":"https:\/\/store.rektor.no\/?product=basic-t-ladies-029031"},"modified":"2023-06-02T13:23:22","modified_gmt":"2023-06-02T13:23:22","slug":"basic-t-ladies-029031","status":"publish","type":"product","link":"https:\/\/store.rektor.no\/?product=basic-t-ladies-029031","title":{"rendered":"Basic-T Ladies &#8211; 029031"},"content":{"rendered":"<p>Artikelnummer:029031<\/p>\n","protected":false},"excerpt":{"rendered":"<p>Basic t-shirt i en smalere passform, b\u00e5nd i nakke, elastan i halsribb og forsterkede s\u00f8mmer p\u00e5 skuldre. Rundstrikket herremodell og sides\u00f8mmer p\u00e5 damemodell.<\/p>\n","protected":false},"featured_media":11593,"template":"","meta":[],"product_cat":[106,311,278],"product_tag":[],"_links":{"self":[{"href":"https:\/\/store.rektor.no\/index.php?rest_route=\/wp\/v2\/product\/11592"}],"collection":[{"href":"https:\/\/store.rektor.no\/index.php?rest_route=\/wp\/v2\/product"}],"about":[{"href":"https:\/\/store.rektor.no\/index.php?rest_route=\/wp\/v2\/types\/product"}],"wp:featuredmedia":[{"embeddable":true,"href":"https:\/\/store.rektor.no\/index.php?rest_route=\/wp\/v2\/media\/11593"}],"wp:attachment":[{"href":"https:\/\/store.rektor.no\/index.php?rest_route=%2Fwp%2Fv2%2Fmedia&parent=11592"}],"wp:term":[{"taxonomy":"product_cat","embeddable":true,"href":"https:\/\/store.rektor.no\/index.php?rest_route=%2Fwp%2Fv2%2Fproduct_cat&post=11592"},{"taxonomy":"product_tag","embeddable":true,"href":"https:\/\/store.rektor.no\/index.php?rest_route=%2Fwp%2Fv2%2Fproduct_tag&post=11592"}],"curies":[{"name":"wp","href":"https:\/\/api.w.org\/{rel}","templated":true}]}}