{"id":11126,"date":"2023-05-15T08:02:14","date_gmt":"2023-05-15T08:02:14","guid":{"rendered":"https:\/\/store.rektor.no\/?product=pittsford-ladies-028271"},"modified":"2023-06-02T13:22:01","modified_gmt":"2023-06-02T13:22:01","slug":"pittsford-ladies-028271","status":"publish","type":"product","link":"https:\/\/store.rektor.no\/?product=pittsford-ladies-028271","title":{"rendered":"Pittsford Ladies &#8211; 028271"},"content":{"rendered":"<p>Artikelnummer:028271<\/p>\n","protected":false},"excerpt":{"rendered":"<p>Moderne flerfarget pique med bearbeidede kontrastdetaljer. Denne piqueskjorten er laget av 100 % ringspunnet bomull, vevd stoff p\u00e5 undersiden av kragen, piping og tre knapper i stolpen. Piqueskjorten har ogs\u00e5 slisser i sidene, og halvm\u00e5ne med forsterket nakkeb\u00e5nd i nakken. Pittsford er forkrympet og enzymbehandlet, noe som gir en myk og behagelig f\u00f8lelse.Avtagbar etikett i nakken.<\/p>\n","protected":false},"featured_media":11127,"template":"","meta":[],"product_cat":[106,284,283,278],"product_tag":[],"_links":{"self":[{"href":"https:\/\/store.rektor.no\/index.php?rest_route=\/wp\/v2\/product\/11126"}],"collection":[{"href":"https:\/\/store.rektor.no\/index.php?rest_route=\/wp\/v2\/product"}],"about":[{"href":"https:\/\/store.rektor.no\/index.php?rest_route=\/wp\/v2\/types\/product"}],"wp:featuredmedia":[{"embeddable":true,"href":"https:\/\/store.rektor.no\/index.php?rest_route=\/wp\/v2\/media\/11127"}],"wp:attachment":[{"href":"https:\/\/store.rektor.no\/index.php?rest_route=%2Fwp%2Fv2%2Fmedia&parent=11126"}],"wp:term":[{"taxonomy":"product_cat","embeddable":true,"href":"https:\/\/store.rektor.no\/index.php?rest_route=%2Fwp%2Fv2%2Fproduct_cat&post=11126"},{"taxonomy":"product_tag","embeddable":true,"href":"https:\/\/store.rektor.no\/index.php?rest_route=%2Fwp%2Fv2%2Fproduct_tag&post=11126"}],"curies":[{"name":"wp","href":"https:\/\/api.w.org\/{rel}","templated":true}]}}